{"id":8,"date":"2022-06-24T14:07:03","date_gmt":"2022-06-24T12:07:03","guid":{"rendered":"https:\/\/line-of-fire.com\/?page_id=8"},"modified":"2022-07-27T12:32:33","modified_gmt":"2022-07-27T10:32:33","slug":"terms-and-conditions","status":"publish","type":"page","link":"https:\/\/line-of-fire.com\/fr\/terms-and-conditions\/","title":{"rendered":"MENTIONS LEGALES"},"content":{"rendered":"<h1 class=\"wp-block-heading\">MENTIONS LEGALES<\/h1>\n\n\n\n<p>1 \u2013Le site internet www.line-of-fire.com est \u00e9dit\u00e9 par la soci\u00e9t\u00e9 Iconik.<\/p>\n\n\n\n<p>Directeur de la publication du site www.line-of-fire.com : Nicolas Romain<\/p>\n\n\n\n<p>La soci\u00e9t\u00e9 Iconik est immatricul\u00e9e au Registre du commerce et des soci\u00e9t\u00e9s de Marseille sous le num\u00e9ro 439 293 580.<\/p>\n\n\n\n<p>Son capital social est de 12 800 euros.<\/p>\n\n\n\n<p>Son si\u00e8ge social est situ\u00e9 170 impasse du Serpolet \u2013 13600 La Ciotat.<\/p>\n\n\n\n<p>Son num\u00e9ro de t\u00e9l\u00e9phone est +336 48 52 41 05.<\/p>\n\n\n\n<p>2 \u2013 H\u00e9bergement &amp; Infog\u00e9rance :<\/p>\n\n\n\n<p>Le pr\u00e9sent site et sa base de donn\u00e9es sont h\u00e9berg\u00e9s sur les serveurs de la soci\u00e9t\u00e9 OVH, 2 rue Kellermann - 59100 Roubaix - France ; t\u00e9l\u00e9phone : +338 99 70 17 61.<\/p>\n\n\n\n<p>Toutes les mesures de s\u00e9curit\u00e9 n\u00e9cessaires sont prises par l'h\u00f4te.<\/p>\n\n\n\n<p>3 \u2013 Contact :<\/p>\n\n\n\n<p>Iconik \u2013 170 impasse du Serpolet \u2013 13600 La Ciotat<\/p>\n\n\n\n<p>4 \u2013 Propri\u00e9t\u00e9 intellectuelle<\/p>\n\n\n\n<p>Tous les \u00e9l\u00e9ments du Site, qu\u2019ils s\u2019agissent des \u00e9l\u00e9ments graphiques ou des \u00e9l\u00e9ments techniques, b\u00e9n\u00e9ficient de la protection aff\u00e9rente par le droit d\u2019auteur, le droit des marques ou tout autre droit de propri\u00e9t\u00e9 intellectuelle et industrielle.<\/p>","protected":false},"excerpt":{"rendered":"<p>Terms and conditions 1 &#8211; The website www.line-of-fire.com is published by the company Iconik. Director of the publication of the website www.line-of-fire.com : Nicolas Romain Iconik is registered in the Marseille Trade and Companies Register under number 439 293 580. Its share capital is 12,800 euros. Its head office is located at 170 impasse du [&hellip;]<\/p>","protected":false},"author":1,"featured_media":0,"parent":0,"menu_order":0,"comment_status":"closed","ping_status":"closed","template":"","meta":{"footnotes":""},"class_list":["post-8","page","type-page","status-publish","hentry"],"yoast_head":"<!-- This site is optimized with the Yoast SEO plugin v27.3 - https:\/\/yoast.com\/product\/yoast-seo-wordpress\/ -->\n<title>Terms and conditions - WW1 Line of Fire<\/title>\n<meta name=\"robots\" content=\"index, follow, max-snippet:-1, max-image-preview:large, max-video-preview:-1\" \/>\n<link rel=\"canonical\" href=\"https:\/\/line-of-fire.com\/fr\/terms-and-conditions\/\" \/>\n<meta property=\"og:locale\" content=\"fr_FR\" \/>\n<meta property=\"og:type\" content=\"article\" \/>\n<meta property=\"og:title\" content=\"Terms and conditions - WW1 Line of Fire\" \/>\n<meta property=\"og:description\" content=\"Terms and conditions 1 &#8211; The website www.line-of-fire.com is published by the company Iconik. Director of the publication of the website www.line-of-fire.com : Nicolas Romain Iconik is registered in the Marseille Trade and Companies Register under number 439 293 580. Its share capital is 12,800 euros. Its head office is located at 170 impasse du [&hellip;]\" \/>\n<meta property=\"og:url\" content=\"https:\/\/line-of-fire.com\/fr\/terms-and-conditions\/\" \/>\n<meta property=\"og:site_name\" content=\"WW1 Line of Fire\" \/>\n<meta property=\"article:modified_time\" content=\"2022-07-27T10:32:33+00:00\" \/>\n<meta property=\"og:image\" content=\"https:\/\/line-of-fire.com\/wp-content\/uploads\/2022\/07\/3HeaderSite.jpg\" \/>\n\t<meta property=\"og:image:width\" content=\"1920\" \/>\n\t<meta property=\"og:image:height\" content=\"1201\" \/>\n\t<meta property=\"og:image:type\" content=\"image\/jpeg\" \/>\n<meta name=\"twitter:card\" content=\"summary_large_image\" \/>\n<meta name=\"twitter:label1\" content=\"Dur\u00e9e de lecture estim\u00e9e\" \/>\n\t<meta name=\"twitter:data1\" content=\"1 minute\" \/>\n<script type=\"application\/ld+json\" class=\"yoast-schema-graph\">{\"@context\":\"https:\\\/\\\/schema.org\",\"@graph\":[{\"@type\":\"WebPage\",\"@id\":\"https:\\\/\\\/line-of-fire.com\\\/terms-and-conditions\\\/\",\"url\":\"https:\\\/\\\/line-of-fire.com\\\/terms-and-conditions\\\/\",\"name\":\"Terms and conditions - WW1 Line of Fire\",\"isPartOf\":{\"@id\":\"https:\\\/\\\/line-of-fire.com\\\/#website\"},\"datePublished\":\"2022-06-24T12:07:03+00:00\",\"dateModified\":\"2022-07-27T10:32:33+00:00\",\"breadcrumb\":{\"@id\":\"https:\\\/\\\/line-of-fire.com\\\/terms-and-conditions\\\/#breadcrumb\"},\"inLanguage\":\"fr-FR\",\"potentialAction\":[{\"@type\":\"ReadAction\",\"target\":[\"https:\\\/\\\/line-of-fire.com\\\/terms-and-conditions\\\/\"]}]},{\"@type\":\"BreadcrumbList\",\"@id\":\"https:\\\/\\\/line-of-fire.com\\\/terms-and-conditions\\\/#breadcrumb\",\"itemListElement\":[{\"@type\":\"ListItem\",\"position\":1,\"name\":\"Accueil\",\"item\":\"https:\\\/\\\/line-of-fire.com\\\/\"},{\"@type\":\"ListItem\",\"position\":2,\"name\":\"Terms and conditions\"}]},{\"@type\":\"WebSite\",\"@id\":\"https:\\\/\\\/line-of-fire.com\\\/#website\",\"url\":\"https:\\\/\\\/line-of-fire.com\\\/\",\"name\":\"WW1 Line of Fire\",\"description\":\"Nous \u00e9tions des ombres\",\"publisher\":{\"@id\":\"https:\\\/\\\/line-of-fire.com\\\/#organization\"},\"potentialAction\":[{\"@type\":\"SearchAction\",\"target\":{\"@type\":\"EntryPoint\",\"urlTemplate\":\"https:\\\/\\\/line-of-fire.com\\\/?s={search_term_string}\"},\"query-input\":{\"@type\":\"PropertyValueSpecification\",\"valueRequired\":true,\"valueName\":\"search_term_string\"}}],\"inLanguage\":\"fr-FR\"},{\"@type\":\"Organization\",\"@id\":\"https:\\\/\\\/line-of-fire.com\\\/#organization\",\"name\":\"WW1 LINE OF FIRE\",\"url\":\"https:\\\/\\\/line-of-fire.com\\\/\",\"logo\":{\"@type\":\"ImageObject\",\"inLanguage\":\"fr-FR\",\"@id\":\"https:\\\/\\\/line-of-fire.com\\\/#\\\/schema\\\/logo\\\/image\\\/\",\"url\":\"https:\\\/\\\/line-of-fire.com\\\/wp-content\\\/uploads\\\/2022\\\/07\\\/3HeaderSite.jpg\",\"contentUrl\":\"https:\\\/\\\/line-of-fire.com\\\/wp-content\\\/uploads\\\/2022\\\/07\\\/3HeaderSite.jpg\",\"width\":1920,\"height\":1201,\"caption\":\"WW1 LINE OF FIRE\"},\"image\":{\"@id\":\"https:\\\/\\\/line-of-fire.com\\\/#\\\/schema\\\/logo\\\/image\\\/\"}}]}<\/script>\n<!-- \/ Yoast SEO plugin. -->","yoast_head_json":{"title":"Terms and conditions - WW1 Line of Fire","robots":{"index":"index","follow":"follow","max-snippet":"max-snippet:-1","max-image-preview":"max-image-preview:large","max-video-preview":"max-video-preview:-1"},"canonical":"https:\/\/line-of-fire.com\/fr\/terms-and-conditions\/","og_locale":"fr_FR","og_type":"article","og_title":"Terms and conditions - WW1 Line of Fire","og_description":"Terms and conditions 1 &#8211; The website www.line-of-fire.com is published by the company Iconik. Director of the publication of the website www.line-of-fire.com : Nicolas Romain Iconik is registered in the Marseille Trade and Companies Register under number 439 293 580. Its share capital is 12,800 euros. Its head office is located at 170 impasse du [&hellip;]","og_url":"https:\/\/line-of-fire.com\/fr\/terms-and-conditions\/","og_site_name":"WW1 Line of Fire","article_modified_time":"2022-07-27T10:32:33+00:00","og_image":[{"width":1920,"height":1201,"url":"https:\/\/line-of-fire.com\/wp-content\/uploads\/2022\/07\/3HeaderSite.jpg","type":"image\/jpeg"}],"twitter_card":"summary_large_image","twitter_misc":{"Dur\u00e9e de lecture estim\u00e9e":"1 minute"},"schema":{"@context":"https:\/\/schema.org","@graph":[{"@type":"WebPage","@id":"https:\/\/line-of-fire.com\/terms-and-conditions\/","url":"https:\/\/line-of-fire.com\/terms-and-conditions\/","name":"Terms and conditions - WW1 Line of Fire","isPartOf":{"@id":"https:\/\/line-of-fire.com\/#website"},"datePublished":"2022-06-24T12:07:03+00:00","dateModified":"2022-07-27T10:32:33+00:00","breadcrumb":{"@id":"https:\/\/line-of-fire.com\/terms-and-conditions\/#breadcrumb"},"inLanguage":"fr-FR","potentialAction":[{"@type":"ReadAction","target":["https:\/\/line-of-fire.com\/terms-and-conditions\/"]}]},{"@type":"BreadcrumbList","@id":"https:\/\/line-of-fire.com\/terms-and-conditions\/#breadcrumb","itemListElement":[{"@type":"ListItem","position":1,"name":"Accueil","item":"https:\/\/line-of-fire.com\/"},{"@type":"ListItem","position":2,"name":"Terms and conditions"}]},{"@type":"WebSite","@id":"https:\/\/line-of-fire.com\/#website","url":"https:\/\/line-of-fire.com\/","name":"WW1 Line of Fire","description":"Nous \u00e9tions des ombres","publisher":{"@id":"https:\/\/line-of-fire.com\/#organization"},"potentialAction":[{"@type":"SearchAction","target":{"@type":"EntryPoint","urlTemplate":"https:\/\/line-of-fire.com\/?s={search_term_string}"},"query-input":{"@type":"PropertyValueSpecification","valueRequired":true,"valueName":"search_term_string"}}],"inLanguage":"fr-FR"},{"@type":"Organization","@id":"https:\/\/line-of-fire.com\/#organization","name":"WW1 LINE OF FIRE","url":"https:\/\/line-of-fire.com\/","logo":{"@type":"ImageObject","inLanguage":"fr-FR","@id":"https:\/\/line-of-fire.com\/#\/schema\/logo\/image\/","url":"https:\/\/line-of-fire.com\/wp-content\/uploads\/2022\/07\/3HeaderSite.jpg","contentUrl":"https:\/\/line-of-fire.com\/wp-content\/uploads\/2022\/07\/3HeaderSite.jpg","width":1920,"height":1201,"caption":"WW1 LINE OF FIRE"},"image":{"@id":"https:\/\/line-of-fire.com\/#\/schema\/logo\/image\/"}}]}},"_links":{"self":[{"href":"https:\/\/line-of-fire.com\/fr\/wp-json\/wp\/v2\/pages\/8","targetHints":{"allow":["GET"]}}],"collection":[{"href":"https:\/\/line-of-fire.com\/fr\/wp-json\/wp\/v2\/pages"}],"about":[{"href":"https:\/\/line-of-fire.com\/fr\/wp-json\/wp\/v2\/types\/page"}],"author":[{"embeddable":true,"href":"https:\/\/line-of-fire.com\/fr\/wp-json\/wp\/v2\/users\/1"}],"replies":[{"embeddable":true,"href":"https:\/\/line-of-fire.com\/fr\/wp-json\/wp\/v2\/comments?post=8"}],"version-history":[{"count":0,"href":"https:\/\/line-of-fire.com\/fr\/wp-json\/wp\/v2\/pages\/8\/revisions"}],"wp:attachment":[{"href":"https:\/\/line-of-fire.com\/fr\/wp-json\/wp\/v2\/media?parent=8"}],"curies":[{"name":"wp","href":"https:\/\/api.w.org\/{rel}","templated":true}]}}